{"id":2138,"date":"2022-03-12T17:04:06","date_gmt":"2022-03-12T15:04:06","guid":{"rendered":"http:\/\/kraftplex.eu\/?page_id=2138"},"modified":"2024-02-18T12:49:34","modified_gmt":"2024-02-18T10:49:34","slug":"faq-wellboard","status":"publish","type":"page","link":"https:\/\/www.kraftplex.com\/en\/wellboard\/faq-wellboard\/","title":{"rendered":"FAQ wellboard"},"content":{"rendered":"<p>Die h\u00e4ufigsten Fragen zu wellboard haben wir an dieser Stelle gesammelt. Falls Sie weitere Fragen oder Ideen haben, kontaktieren Sie uns gerne jederzeit per Mail unter <a href=\"m&#97;&#105;&#x6c;&#x74;&#x6f;&#x3a;i&#110;&#102;&#111;&#x40;&#x6b;&#x72;af&#116;&#112;&#x6c;&#x65;&#x78;&#46;c&#111;&#109;\" target=\"_blank\" rel=\"noopener noreferrer\">&#105;&#x6e;f&#x6f;&#x40;&#107;&#x72;a&#102;&#x74;&#112;&#x6c;e&#120;&#x2e;c&#x6f;m<\/a> oder rufen Sie uns an unter +49 511 874 595 63.<\/p>\n<h2>Allgemeines<\/h2>\n<p>\t\t\t\t\t\t\t\t\t\t\t\t<a tabindex=\"0\">Woraus besteht wellboard?<\/a><\/p>\n<p>wellboard besteht aus einer Grundplatte aus kraftplex, die mittels Druck und Hitze in Form gepresst wurde.\u00a0<\/p>\n<p>wellboard besteht daher genau wie kraftplex zu 100% aus ungebleichter Zellulosefaser. Diese werden aus H\u00f6lzern aus nachhaltigen, FSC-zertifizierten Baumbest\u00e4nden gewonnen. Dem Holz wird dabei das Lignin, ein nat\u00fcrliches Bindemittel im Holz, entfernt.\u00a0<\/p>\n<p>W\u00e4hrend der Herstellung werden die Fasern so stark miteinander verschr\u00e4nkt, dass auf alle Klebstoffe und chemischen Zus\u00e4tze verzichtet werden kann.<\/p>\n<p>\t\t\t\t\t\t\t\t\t\t\t\t<a tabindex=\"0\">Woher kommen die Rohstoffe f\u00fcr wellboard?<\/a><\/p>\n<p>Der einzige Rohstoff, der f\u00fcr die Herstellung von wellboard ben\u00f6tigt wird, ist Holz. Dieses kommt aus FSC-zertifizierten, nachhaltigen Weichholzbest\u00e4nden in Skandinavien.<\/p>\n<p>\t\t\t\t\t\t\t\t\t\t\t\t<a tabindex=\"0\">Warum ist wellboard so nachhaltig?<\/a><\/p>\n<p>Das Holz f\u00fcr unsere kraftplex- und wellboard-Platten kommt aus FSC-zertifizierten Baumbest\u00e4nden in Skandinavien. Verarbeitet werden die Rohstoffe in Deutschland und der Schweiz. Den Zellulosefasern k\u00f6nnen aus Gr\u00fcnden der Stabilit\u00e4t und Formhaltigkeit leider nicht die zu kurzen Fasern aus Altpapieren zugef\u00fcgt werden.\u00a0<\/p>\n<p>In der Produktion arbeiten wir ohne den Einsatz von Chemikalien. Dies ist zum einen besonders vorteilhaft f\u00fcr die Endverbraucher:innen. Es hat aber noch einen weiteren positiven Effekt: Das Wasser, welches wir in der Produktion einsetzen, stammt aus einem See. Da es nur mit Zellulose in Ber\u00fchrung kommt, wird es im Anschluss gefiltert und wieder r\u00fcckgef\u00fchrt. Nat\u00fcrlich \u00fcberpr\u00fcfen wir laufend die Unbedenklichkeit dieses Verfahrens. Auch der Strom f\u00fcr unsere Produktion stammt aus Wasserkraftwerken, so dass wir mit gr\u00fcner Energie produzieren.\u00a0<\/p>\n<p>Wenn Sie kraftplex oder wellboard einmal nicht mehr benutzen m\u00f6chten, k\u00f6nnen Sie es besonders umweltfreundlich entsorgen: Entweder Sie geben das Material auf den Kompost oder entsorgen es \u00fcber den Papierm\u00fcll. kraftplex und wellboard sind zu 100% biologisch abbaubar.<\/p>\n<p><a href=\"http:\/\/kraftplex.com\/kraftplex\/nachhaltigkeit\/\" target=\"_blank\" rel=\"noopener\">Weitere Informationen zur Nachhaltigkeit unserer Produkte finden Sie hier.<\/a><\/p>\n<p>\t\t\t\t\t\t\t\t\t\t\t\t<a tabindex=\"0\">Welche verschiedenen wellboard-Typen gibt es?<\/a><\/p>\n<p>Erh\u00e4ltlich ist das Material in vier verschiedenen Profilen:<\/p>\n<p>wellboard minimum, medium und maximum zeichnen sich durch ein wellenf\u00f6rmiges Profil aus. Sie unterscheiden sich in der Wellenh\u00f6he und -breite sowie der Materialst\u00e4rke der Platten.<\/p>\n<p>wellboard gamma 300 hat ein trapezf\u00f6rmiges Profil. Dabei entstehen ebene Auflagefl\u00e4chen, die das Verkleben und Verschrauben mit Tr\u00e4germaterialien sowie das Anbringen von Montage- und Befestigungselementen zus\u00e4tzlich erleichtern.<\/p>\n<p><a href=\"http:\/\/kraftplex.com\/wellboard\/wellboard-typen\/\" target=\"_blank\" rel=\"noopener\">Detaillierte Informationen \u00fcber die vier verschiedenen wellboard-Typen finden Sie hier.<\/a><\/p>\n<p>\t\t\t\t\t\t\t\t\t\t\t\t<a tabindex=\"0\">Wie viel wiegt wellboard?<\/a><\/p>\n<p>Grunds\u00e4tzlich sind alle Profile von wellboard wahre Leichtgewichte: Nur 1,25 bis 2,7 kg\/m\u00b2 bringen die einzelnen Profile auf die Waage. Dadurch k\u00f6nnen sie entspannt transportiert und leicht befestigt werden.\u00a0<\/p>\n<p>In senkrechter Belastung zur Welle kann wellboard ein Vielfaches seines eigenen Gewichtes tragen. Die genauen technischen Daten und Abmessungen finden Sie im <a href=\"http:\/\/kraftplex.com\/wellboard\/wellboard-typen\/\" target=\"_blank\" rel=\"noopener\">Artikel \u00fcber unsere vier verschiedenen wellboard-Typen<\/a>.<\/p>\n<p>\t\t\t\t\t\t\t\t\t\t\t\t<a tabindex=\"0\">Welche Abmessungen gibt es?<\/a><\/p>\n<p>Von allen wellboard-Profilen gibt es Starter-Kits in den Abmessungen 200x150cm zum Testen und Bauen von Prototypen und f\u00fcr kleinere Anwendungen.<\/p>\n<p>Die Standardrollen haben folgende Abmessungen:<\/p>\n<p>wellboard minimum: Breite 200cm, L\u00e4nge 440cm, H\u00f6he 4,5mm, St\u00e4rke 1,0mm<\/p>\n<p>wellboard medium: Breite 200cm, L\u00e4nge 520cm, H\u00f6he 7mm, St\u00e4rke 2,0mm<\/p>\n<p>wellboard maximum: Breite 315cm, L\u00e4nge 520cm, H\u00f6he 8,5mm, St\u00e4rke 1,5mm<\/p>\n<p>wellboard gamma: Breite 200cm, L\u00e4nge 530cm, H\u00f6he 4mm, St\u00e4rke 1,0mm<\/p>\n<p>Zu allen wellboard-Typen k\u00f6nnen Sie auch ein <a href=\"https:\/\/www.kraftplex.de\/epages\/61603095.sf\/de_DE\/?ObjectPath=\/Shops\/61603095\/Products\/9002-wb\" target=\"_blank\" rel=\"noopener\">Handmuster<\/a> bestellen.<\/p>\n<p>\t\t\t\t\t\t\t\t\t\t\t\t<a tabindex=\"0\">Kann ich wellboard im Zuschnitt bestellen?<\/a><\/p>\n<p>In der Regel versenden wir wellboard als Rollenware in den oben angegebenen Formaten und in unbehandelter Form. Ab 100qm k\u00f6nnen wir gerne ein Angebot f\u00fcr einen individuellen Zuschnitt machen. Tipps f\u00fcr den Zuschnitt und die Verarbeitung von wellboard geben wir Ihnen hier. Bei weiteren Fragen schreiben Sie \u00a0uns gerne eine E-Mail unter <a href=\"mailto:&#x69;&#x6e;&#x66;&#x6f;&#x40;&#x6b;&#x72;&#x61;&#x66;&#x74;&#x70;&#x6c;&#x65;&#x78;&#x2e;&#99;&#111;&#109;\" target=\"_blank\" rel=\"noopener\">&#105;n&#x66;o&#x40;k&#x72;a&#x66;&#116;&#x70;&#108;&#x65;&#120;&#x2e;&#99;o&#109;<\/a><b>.<\/b><\/p>\n<h2>Anwendungen<\/h2>\n<p>\t\t\t\t\t\t\t\t\t\t\t\t<a tabindex=\"0\">Welche Vorteile bringt wellboard als Material f\u00fcr den Messe- und Eventbau? <\/a><\/p>\n<p>wellboard wird von Messebauern, Eventdesignern und B\u00fchnenbildnern f\u00fcr vielf\u00e4ltige Projekte eingesetzt. Es eignet sich unter anderem f\u00fcr Aufsteller, Tresen, Sitzm\u00f6bel, Raumteiler und Designelemente. Selbstverst\u00e4ndlich k\u00f6nnen auch W\u00e4nde mit wellboard verkleidet werden. Diese und weitere Anwendungsbeispiele finden Sie in unserem (wellboard Portfolio).<\/p>\n<p>Das Material erf\u00fcllt alle Anforderungen f\u00fcr den nachhaltigen Messebau: Als reines Naturprodukt ist wellboard vollst\u00e4ndig biologisch abbaubar und d\u00fcnstet anders als viele Materialien keine unangenehmen oder gesundheitssch\u00e4dlichen D\u00e4mpfe aus.\u00a0<\/p>\n<p>Durch seine moderne und nat\u00fcrliche Ausstrahlung wirkt wellboard einladend. Die Optik f\u00fcgt sich sowohl in farbenfrohe Raumkonzepte als auch in elegante Designs mit gedeckten Farben wunderbar ein. Anwendungen aus den vergangenen Jahrzehnten verdeutlichen, wie zeitlos das Erscheinungsbild unserer Materialien ist.\u00a0<\/p>\n<p>Die Rollen in Formaten bis 315x520cm sind sehr leicht und dennoch stabil. Mit einem Gewicht von 1,25 bis 2,7 kg\/m\u00b2 sind sie unkompliziert in der Handhabung.<\/p>\n<p>In der Verarbeitung l\u00e4sst wellboard sich sehr gut mit anderen Holzwerkstoffen kombinieren. Es kann daher auch von Schreinereien verarbeitet werden, wodurch Anpassungen in der Regel problemlos selbst vorgenommen oder kosteng\u00fcnstig in Auftrag gegeben werden k\u00f6nnen.<\/p>\n<p>Unbehandelt f\u00e4llt der Holzwerkstoff in die Brandschutzklasse B2, durch Impr\u00e4gnieren mit einem Brandschutzmittel l\u00e4sst sich B1 erreichen. Hierdurch wird die Einhaltung von DIN4102-B1 f\u00fcr den Einsatz organischer Baustoffe auf Events und Messen gew\u00e4hrleistet. Die Brandschutzimpr\u00e4gnierung muss vor einer eventuellen Lackierung aufgetragen werden. Bei der Verwendung eines speziellen Brandschutzlackes entf\u00e4llt dieser Schritt.\u00a0<\/p>\n<p><a href=\"http:\/\/kraftplex.com\/wellboard\/wellboard-verarbeitungshinweise\/\" target=\"_blank\" rel=\"noopener\">Viele weitere Tipps zur Verarbeitung von wellboard finden Sie hier.<\/a><\/p>\n<p>\t\t\t\t\t\t\t\t\t\t\t\t<a tabindex=\"0\">Eignet sich wellboard f\u00fcr die Einrichtung von Shops und Verkaufsdisplays?<\/a><\/p>\n<p>wellboard eignet sich wunderbar f\u00fcr nachhaltige, hochwertige Shop-Designs und f\u00fcr die Schaufenstergestaltung. Ob im Bekleidungsbereich, im Lebensmitteleinzelhandel, in der Parf\u00fcmerie oder im Galeriebereich: wellboard schafft \u00fcberall eine einladende Atmosph\u00e4re.<\/p>\n<p>Das Material h\u00e4lt Ihnen alle gestalterischen Freiheiten offen: Es kann mit Stoff bezogen, lackiert oder bemalt werden, aber auch in seiner unbehandelten Form sieht es toll aus.<\/p>\n<p>Ob als als Tresen, Verkaufsdisplay oder als komplette Wandverkleidung &#8211; das minimalistische und dennoch warme Erscheinungsbild wertet Shopdesigns auf.<\/p>\n<p>Besonders Anwender:innen, die Wert auf Nachhaltigkeit legen, finden in wellboard den perfekten Partner f\u00fcr ihr individuelles Designkonzept. Das Material ist vollst\u00e4ndig biologisch abbaubar und so sind mit wellboard auch kurzzeitige Eins\u00e4tze gut mit einem gr\u00fcnen Gewissen vereinbar. Hier k\u00f6nnen Sie nachlesen, weshalb wellboard besonders nachhaltig ist.<\/p>\n<p>Die Platten lassen sich unkompliziert und mit Hilfe unterschiedlicher Techniken befestigen. Nach der Impr\u00e4gnierung mit einem Brandschutzmittel entspricht wellboard den Standards der Norm DIN4102-B1 f\u00fcr den Einsatz organischer Baustoffe.\u00a0<\/p>\n<p>Alles in allem ist wellboard ein Material, dass die Einkaufserlebnisse Ihrer Kund:innen auf unkomplizierte und sichere Weise sch\u00f6ner und nachhaltiger macht. Wenn Sie Fragen oder Ideen zu Shopkonzepten mit wellboard hast, schreiben Sie uns gerne eine E-Mail an <a href=\"mailto:&#105;&#110;&#x66;&#x6f;&#x40;kr&#97;&#x66;&#x74;&#x70;le&#120;&#46;&#x63;&#x6f;&#x6d;\" target=\"_blank\" rel=\"noopener\">&#105;&#x6e;&#x66;o&#64;&#x6b;r&#97;&#x66;&#x74;&#112;&#x6c;&#x65;x&#46;&#x63;o&#109;<\/a>!<\/p>\n<p>\t\t\t\t\t\t\t\t\t\t\t\t<a tabindex=\"0\">Wie k\u00f6nnen Innenarchitekt:innen wellboard einsetzen?<\/a><\/p>\n<p>wellboard kann wunderbar in R\u00e4umen mit viel Publikumsverkehr eingesetzt werden. Ob im B\u00fcro, im Cowork-Space, im Empfangsbereich vom Yogastudio, in der Hotellobby oder im Caf\u00e9 &#8211; wellboard wirkt modern, einladend und elegant. Dabei hat sich das Material in allen Anwendungen als langlebig und strapazierf\u00e4hig erwiesen.\u00a0<\/p>\n<p>Die gewellten Platten eignen sich nicht nur als Element der Wand- oder M\u00f6belverkleidung, sondern auch als Basis f\u00fcr Tresen, Raumteiler oder Sitzm\u00f6bel. Sie k\u00f6nnen gleicherma\u00dfen im Mittelpunkt stehen oder vorhandene Raumkonzepte dezent erg\u00e4nzen.\u00a0<\/p>\n<p>wellboard kann leicht aufgestellt, fixiert und bewegt werden und ist somit besonders flexibel. Auch Hobby-Handwerker:innen konnten mit wellboard bereits tolle Ergebnisse erzielen. Trotz seines geringen Eigengewichtes kann wellboard in senkrechter Belastung zur Welle ein Vielfaches seines eigenen Gewichtes tragen. Kaum ein Material ist so charakteristisch und dennoch so wandelbar.\u00a0<\/p>\n<p>In der Verarbeitung l\u00e4sst wellboard sich sehr gut mit anderen Holzwerkstoffen kombinieren. Es kann daher auch von Schreinereien verarbeitet werden, wodurch Anpassungen in der Regel problemlos selbst vorgenommen oder kosteng\u00fcnstig in Auftrag gegeben werden k\u00f6nnen. <a href=\"https:\/\/www.kraftplex.com\/en\/wellboard\/verarbeitungshinweise\/\" target=\"_blank\" rel=\"noopener\">Hier finden Sie unsere Hinweise zur wellboard-Verarbeitung.<\/a><\/p>\n<p>In Nassr\u00e4umen und im Outdoorbereich st\u00f6\u00dft wellboard allerdings an seine Grenzen. Da das Grundmaterial kraftplex als Faserplatte saugf\u00e4hig ist, besteht die M\u00f6glichkeit, dass das Material sich verzieht oder aufquillt. Daher sollten keine R\u00e4ume mit wellboard gestaltet werden, in denen das Material dauerhaft sehr viel Feuchtigkeit ausgesetzt ist. Durch eine Oberfl\u00e4chenbehandlung mit einem Schutzlack kann es vor Schwankungen der Luftfeuchtigkeit gesch\u00fctzt werden. Geeignet sind Klarlacke f\u00fcr den Au\u00dfenbereich, Dickschichtlasuren und Bootslacke.\u00a0<\/p>\n<p>Anwendungsbeispiele finden Sie in unserem <a href=\"http:\/\/kraftplex.com\/wellboard\/wellboard-galerie\/\" target=\"_blank\" rel=\"noopener\">wellboard Portfolio<\/a> und auf unseren sozialen Kan\u00e4len <a href=\"https:\/\/www.instagram.com\/kraft.plex\/\" target=\"_blank\" rel=\"noopener\">Instagram<\/a> und <a href=\"https:\/\/www.facebook.com\/kraftplex\" target=\"_blank\" rel=\"noopener\">Facebook<\/a>.<\/p>\n<p>\t\t\t\t\t\t\t\t\t\t\t\t<a tabindex=\"0\">Kann wellboard im M\u00f6belbau eingesetzt werden?<\/a><\/p>\n<p>wellboard kann im M\u00f6belbau industriell verarbeitet werden, so dass auch Serienproduktionen m\u00f6glich sind. Genauso k\u00f6nnen auch kleine Schreinereien oder Designb\u00fcros aus wellboard individuelle Einzelst\u00fccke in kleinerer Auflage anfertigen. In unserem <a href=\"http:\/\/kraftplex.com\/wellboard\/wellboard-galerie\/\" target=\"_blank\" rel=\"noopener\">wellboard Portfolio<\/a> und auf unseren sozialen Kan\u00e4len <a href=\"https:\/\/www.instagram.com\/kraft.plex\/\" target=\"_blank\" rel=\"noopener\">Instagram<\/a> und <a href=\"https:\/\/www.facebook.com\/kraftplex\" target=\"_blank\" rel=\"noopener\">Facebook<\/a> sind sch\u00f6ne Anwendungsbeispiele zusammengetragen. Ob als Sitzm\u00f6bel oder Tisch, als Kopfteil f\u00fcr das Bett, als Front oder Basis f\u00fcr Aufbewahrungsm\u00f6bel &#8211; wellboard ist enorm vielseitig und trotz seines leichten Eigengewichts in der Senkrechte zur Welle enorm belastbar und stabil.<\/p>\n<p>Im Falle einer angestrebten Serienproduktion mit hoher Abnahmemenge, empfiehlt es sich, mit ein wenig Vorlaufzeit auf uns zuzukommen. Schreiben Sie uns gerne jederzeit eine E-Mail an <a href=\"mailto:&#x69;&#x6e;&#102;&#111;&#64;k&#x72;&#x61;&#x66;&#116;&#112;l&#x65;&#x78;&#x2e;&#99;&#111;&#109;\" target=\"_blank\" rel=\"noopener\">in&#102;&#111;&#64;&#107;&#x72;&#x61;&#x66;&#x74;&#x70;le&#120;&#46;&#99;&#111;&#x6d;<\/a>.<\/p>\n<h2>Verarbeitung<\/h2>\n<p>\t\t\t\t\t\t\t\t\t\t\t\t<a tabindex=\"0\">Mittels welcher Techniken kann wellboard bearbeitet werden?<\/a><\/p>\n<p>wellboard l\u00e4sst sich verarbeiten wie Holz: es kann ges\u00e4gt, gebohrt, geschliffen und verklebt werden. <a href=\"http:\/\/kraftplex.com\/wellboard\/wellboard-galerie\/\" target=\"_blank\" rel=\"noopener\">Detaillierte Verarbeitungshinweise f\u00fcr wellboard finden Sie hier.<\/a> Hier erhalten Sie alle Informationen von der richtigen Lagerung, \u00fcber geeignete Werkzeuge bis hin zu Oberfl\u00e4chenbehandlung und Brandschutz.<\/p>\n<p>Die Oberfl\u00e4che kann nach Wunsch mit Lacken, Lasuren, Farben, \u00d6len und Wachsen farbig gestaltet werden. Da das Material saugf\u00e4hig ist, sollte es vor der Behandlung mit besonders fl\u00fcssigen Farben mit Hilfe eines Sperrlacks abgesperrt werden. Damit wird verhindert, dass die Farbe zu stark einsinkt.\u00a0<\/p>\n<p>In der Verarbeitung l\u00e4sst wellboard sich sehr gut mit anderen Holzwerkstoffen kombinieren. Es kann daher auch von Schreinereien verarbeitet werden, wodurch Anpassungen in der Regel problemlos selbst vorgenommen oder kosteng\u00fcnstig in Auftrag gegeben werden k\u00f6nnen.\u00a0<\/p>\n<p>\t\t\t\t\t\t\t\t\t\t\t\t<a tabindex=\"0\">Welche Brandschutzklasse l\u00e4sst sich mit wellboard erreichen?<\/a><\/p>\n<p>Unbehandelt f\u00e4llt der Holzwerkstoff in die Brandschutzklasse B2. Durch Impr\u00e4gnieren mit einem Brandschutzmittel l\u00e4sst sich B1 erreichen. Hierdurch wird die Einhaltung von DIN4102-B1 f\u00fcr den Einsatz organischer Baustoffe auf Events wie Messen gew\u00e4hrleistet. Die Brandschutzimpr\u00e4gnierung muss vor dem Lack aufgetragen werden. Bei der Verwendung eines speziellen Brandschutzlackes entf\u00e4llt dieser Schritt.<\/p>\n<p>\t\t\t\t\t\t\t\t\t\t\t\t<a tabindex=\"0\">Wie lassen sich wellboard-Platten bedrucken?<\/a><\/p>\n<p>Die Platten k\u00f6nnen per Plattendirektdruck bedruckt werden. Durch die gew\u00f6lbte Oberfl\u00e4che ist es bei wellboard allerdings kostenintensiver als bei kraftplex. Gerne unterst\u00fctzen wir Sie bei der Suche nach einem entsprechenden Dienstleister. Schreiben Sie uns eine Mail unter <a href=\"mailto:i&#x6e;&#102;&#x6f;&#x40;k&#x72;&#97;f&#x74;&#112;&#x6c;&#x65;x&#x2e;&#99;o&#x6d;\" target=\"_blank\" rel=\"noopener\">i&#110;&#x66;&#x6f;&#64;&#107;&#x72;&#x61;f&#116;&#x70;&#x6c;e&#120;&#x2e;&#x63;o&#109;<\/a>.<\/p>\n<p>\t\t\t\t\t\t\t\t\t\t\t\t<a tabindex=\"0\">Wie kann ich wellboard reinigen?<\/a><\/p>\n<p>Unbehandeltes wellboard kann mit einem trockenen Tuch oder einem trockenen Reinigungsschwamm f\u00fcr W\u00e4nde gereinigt werden. Auch mit einem Radiergummi oder mit Reinigungsknete lassen sich Verschmutzungen entfernen.<\/p>\n<p>\t\t\t\t\t\t\t\t\t\t\t\t<a tabindex=\"0\">Wie viel Gewicht h\u00e4lt ein Sitzm\u00f6bel aus wellboard aus?<\/a><\/p>\n<p>Mit wie viel Gewicht ein M\u00f6belst\u00fcck aus wellboard belastet werden kann h\u00e4ngt immer von der jeweiligen Konstruktion ab. Grunds\u00e4tzlich ist durch die Formgebung aber eine (relativ) hohe Belastung senkrecht zur Welle m\u00f6glich.\u00a0<\/p>\n<p>\t\t\t\t\t\t\t\t\t\t\t\t<a tabindex=\"0\">Durch welche Behandlung nimmt wellboard Schaden?<\/a><\/p>\n<p>In Nassr\u00e4umen oder im Outdoorbereich ist wellboard aufgrund seiner Saugf\u00e4higkeit nicht gut aufgehoben. Hier st\u00f6\u00dft es an seine Grenzen. Durch eine Oberfl\u00e4chenbehandlung mit Bootslack, einem Klarlack f\u00fcr den Au\u00dfenbereich oder einer Dickschichtlasur behandelt, kann es Schwankungen der Luftfeuchtigkeit besser angepasst werden.<\/p>\n<h2>Versand<\/h2>\n<p>\t\t\t\t\t\t\t\t\t\t\t\t<a tabindex=\"0\">Gibt es eine Mindestabnahmemenge f\u00fcr wellboard? Kann ich wellboard auch erstmal zum Experimentieren bestellen?<\/a><\/p>\n<p>Die Mindestabnahmemenge f\u00fcr wellboard ist eine Rolle. Diese ist entweder ein Starter-Kit mit 3qm oder&nbsp; je nach Typ eine Standardrole mit 8,8 &#8211; 16qm.&nbsp;<\/p>\n<p>Nat\u00fcrlich m\u00f6chten wir Ihnen die M\u00f6glichkeit geben, mit wellboard vorab zu experimentieren.&nbsp;<\/p>\n<p>Wenn es darum geht, wellboard in seinen verschiedenen Ausf\u00fchrungen einfach mal in der Hand zu halten und die verschiedenen Wellenprofile miteinander zu vergleichen, empfehlen wir das <a href=\"https:\/\/www.kraftplex.de\/epages\/61603095.sf\/de_DE\/?ObjectPath=\/Shops\/61603095\/Products\/9002-wb\" target=\"_blank\" rel=\"noopener\">Handmuster<\/a> mit den unterschiedlichen wellboard-Typen in 10x20cm.<\/p>\n<p>Falls ein gr\u00f6\u00dferes Musterst\u00fcck notwendig ist, k\u00f6nnen Sie einzelne wellboard-Typen in 56x34cm bestellen. Und wenn Sie schon richtig loslegen m\u00f6chten, gibt es noch das wellboard <a href=\"https:\/\/www.kraftplex.de\/epages\/61603095.sf\/de_DE\/?ObjectPath=\/Shops\/61603095\/Categories\/Wellboard\" target=\"_blank\" rel=\"noopener\">Starter-Kit<\/a> mit den Abmessungen 200x150cm. Die Starter-Kits k\u00f6nnen wir mit dem Paketdienst verschicken, was die Versandkosten verringert. Starter-Kits sind ideal geeignet f\u00fcr kleinere Projekte und Prototypen.<\/p>\n<p>\t\t\t\t\t\t\t\t\t\t\t\t<a tabindex=\"0\">Wie lange dauert der Versand und was kostet der Versand?<\/a><\/p>\n<p>Der Versand dauert in der Regel 7-10 Tage. Wir sind immer auf der Suche nach den g\u00fcnstigsten Versandoptionen und ermitteln f\u00fcr jede Bestellung die besten Konditionen. In der Regel liegen sie bei circa 80 Euro f\u00fcr eine Standardrolle per Spedition. Die Starter-Kit-Rollen versenden wir sehr g\u00fcnstig per Paketdienst. <br \/>Gerade bei Versandadressen au\u00dferhalb Deutschlands gibt es Schwankungen bez\u00fcglich der Versandkosten. Wenn Sie Ihre Bestellanfrage per Mail an <a href=\"mailto:&#x69;&#x6e;&#x66;&#x6f;&#x40;&#x6b;&#x72;&#97;&#102;&#116;&#112;&#108;&#101;&#120;&#46;&#99;&#111;&#109;\" target=\"_blank\" rel=\"noopener\">&#x69;&#x6e;&#x66;&#111;&#64;kr&#x61;&#x66;&#x74;&#x70;&#108;&#101;x&#46;&#x63;&#x6f;&#x6d;<\/a> senden, k\u00f6nnen wir Ihnen ein Angebot erstellen und darin die genauen Versandkosten angeben.<\/p>\n<p>\t\t\t\t\t\t\t\t\t\t\t\t<a tabindex=\"0\">Kann ich wellboard auch \u00fcber den kraftplex-Shop bestellen?<\/a><\/p>\n<p>\u00dcber den regul\u00e4ren Shop k\u00f6nnen Sie&nbsp;<a href=\"https:\/\/www.kraftplex.de\/epages\/61603095.sf\/de_DE\/?ObjectPath=\/Shops\/61603095\/Products\/9002-wb\" target=\"_blank\" rel=\"noopener\">Handmuster<\/a>&nbsp;und auch die <a href=\"https:\/\/www.kraftplex.de\/epages\/61603095.sf\/de_DE\/?ObjectPath=\/Shops\/61603095\/Categories\/Wellboard\" target=\"_blank\" rel=\"noopener\">Starterkits<\/a> zu den vier verschiedenen wellboard-Typen bestellen.&nbsp;<\/p>\n<p>Starterkits enthalten kleinere wellboard-Rollen in den Ma\u00dfen 200x150cm. Diese Platten eignen sich f\u00fcr kleinere Projekte oder f\u00fcr das Prototyping. Sie k\u00f6nnen als Pakete kosteng\u00fcnstig verschickt werden.&nbsp;<\/p>\n<p>Die gro\u00dfen Rollen werden durch Versandunternehmen zu Ihnen oder Ihren Kund:innen geschickt. Daher m\u00fcssen wir die Transportkosten jeweils kalkulieren lassen und somit sind diese Rollen nicht \u00fcber den Shop bestellbar. Schreiben Sie uns eine kurze Mail an <a href=\"mailto:&#x69;&#110;&#x66;&#x6f;&#64;&#x6b;&#114;&#x61;&#x66;t&#x70;&#108;&#x65;&#x78;&#46;&#x63;&#111;&#x6d;\" target=\"_blank\" rel=\"noopener\">i&#110;&#102;&#x6f;&#x40;kr&#97;&#102;&#x74;&#x70;le&#120;&#46;&#x63;&#x6f;m<\/a> und wir schicken Ihnen gerne ein Angebot<\/p>\n","protected":false},"excerpt":{"rendered":"<p>Die h\u00e4ufigsten Fragen zu wellboard haben wir an dieser Stelle gesammelt. Falls Sie weitere Fragen [&hellip;]<\/p>\n","protected":false},"author":2,"featured_media":0,"parent":2148,"menu_order":0,"comment_status":"closed","ping_status":"closed","template":"page-templates\/page_fullwidth.php","meta":{"footnotes":""},"class_list":["post-2138","page","type-page","status-publish","hentry"],"_links":{"self":[{"href":"https:\/\/www.kraftplex.com\/en\/wp-json\/wp\/v2\/pages\/2138","targetHints":{"allow":["GET"]}}],"collection":[{"href":"https:\/\/www.kraftplex.com\/en\/wp-json\/wp\/v2\/pages"}],"about":[{"href":"https:\/\/www.kraftplex.com\/en\/wp-json\/wp\/v2\/types\/page"}],"author":[{"embeddable":true,"href":"https:\/\/www.kraftplex.com\/en\/wp-json\/wp\/v2\/users\/2"}],"replies":[{"embeddable":true,"href":"https:\/\/www.kraftplex.com\/en\/wp-json\/wp\/v2\/comments?post=2138"}],"version-history":[{"count":57,"href":"https:\/\/www.kraftplex.com\/en\/wp-json\/wp\/v2\/pages\/2138\/revisions"}],"predecessor-version":[{"id":76614,"href":"https:\/\/www.kraftplex.com\/en\/wp-json\/wp\/v2\/pages\/2138\/revisions\/76614"}],"up":[{"embeddable":true,"href":"https:\/\/www.kraftplex.com\/en\/wp-json\/wp\/v2\/pages\/2148"}],"wp:attachment":[{"href":"https:\/\/www.kraftplex.com\/en\/wp-json\/wp\/v2\/media?parent=2138"}],"curies":[{"name":"wp","href":"https:\/\/api.w.org\/{rel}","templated":true}]}}